{"id":6328,"date":"2025-06-17T16:38:23","date_gmt":"2025-06-17T16:38:23","guid":{"rendered":"https:\/\/parquetantauco.cl\/?page_id=6328"},"modified":"2025-09-22T16:11:16","modified_gmt":"2025-09-22T16:11:16","slug":"conservacionactiva","status":"publish","type":"page","link":"https:\/\/parquetantauco.cl\/pt\/conservacionactiva\/","title":{"rendered":"Conserva\u00e7\u00e3o"},"content":{"rendered":"<div id=\"pl-6328\"  class=\"panel-layout\" ><div id=\"pg-6328-0\"  class=\"panel-grid panel-no-style\" ><div id=\"pgc-6328-0-0\"  class=\"panel-grid-cell\" ><div id=\"panel-6328-0-0-0\" class=\"so-panel widget widget_sow-editor panel-first-child panel-last-child\" data-index=\"0\" ><div class=\"panel-widget-style panel-widget-style-for-6328-0-0-0\" ><div\n\t\t\t\n\t\t\tclass=\"so-widget-sow-editor so-widget-sow-editor-base\"\n\t\t\t\n\t\t>\n<div class=\"siteorigin-widget-tinymce textwidget\">\n\t<p>Parque Tantauco es una iniciativa de conservaci\u00f3n, enfocada en la protecci\u00f3n de ecosistermas prioritarios para la conservaci\u00f3n de la biodiversidad del pa\u00eds.&nbsp;<\/p>\n<p>La conservaci\u00f3n activa se expresa en las actividades concretas que Tantauco realiza para proteger los ecosistemas presentes en su territorio. En el periodo 2008-2016 destac\u00f3 el Programa de Restauraci\u00f3n de Ecosistemas que ha enriquecido y restaurado m\u00e1s de 80 hect\u00e1reas de bosques nativos que fueron afectados por un gran incendio que ocurri\u00f3 en todo el sur de Chilo\u00e9 en 1942 y por intensos procesos de explotaci\u00f3n maderera que se vivieron a mediados y fines del siglo pasado. Con sus dos viveros forestales, los cuales ten\u00edan una producci\u00f3n aproximada de treinta mil plantas nativas anuales, sumado a la huerta experimental de In\u00edo donde se rescataban y reproduc\u00edan variedades nativas de helechos, flores y plantas ornamentales, se ha generado en Caleta In\u00edo y Chaiguata un trabajo de restauraci\u00f3n y paisajismo que no deja indiferente a los visitantes.<\/p>\n<p>Durante la d\u00e9cada siguiente y hasta el presente, Tantauco se ha enfocado en labores de monitoreo de flora y fauna usando c\u00e1maras trampas y collares satelitales, trabajo y acuerdos con las comunidades locales, educaci\u00f3n ambiental con miles de ni\u00f1os, promoviendo la cultura local y al apoyo a la naciente red de rescate de fauna de Chilo\u00e9, siendo miembro activo y realizando decenas de rescates y traslados al Centro de Rehabilitaci\u00f3n de Chilo\u00e9-Silvestre en Ancud, para luego coordinar la reinserci\u00f3n de fauna que fue afectada ya sea por perros o atropellos.<\/p>\n<p>En los \u00faltimos a\u00f1os (2023-2025) en colaboraci\u00f3n con la ONG Ranita de Darwin y otras prestigiosas instituciones Tantauco ha trabajado un plan de rescate de ranitas ante la llegada del hongo qu\u00edtrido a sus poblaciones en In\u00edo.<\/p>\n<p>Adicionalmente, la presencia del equipo de Guardaparques en terreno, los 365 d\u00edas del a\u00f1o, en los \u00faltimos 20 a\u00f1os, es el m\u00e1s fuerte compromiso con la conservaci\u00f3n que Tantauco ha podido sostener, permitiendo la conservaci\u00f3n efectiva y activa de este \u00faltimo rinc\u00f3n salvaje y virgen de Chilo\u00e9.<\/p>\n<p><a href=\"https:\/\/parquetantauco.cl\/wp-content\/uploads\/2025\/06\/Gente-Phillipe-D-02-AB-2.jpg\"><img loading=\"lazy\" decoding=\"async\" class=\"alignnone  wp-image-6319\" src=\"https:\/\/parquetantauco.cl\/wp-content\/uploads\/2025\/06\/Gente-Phillipe-D-02-AB-2-300x225.jpg\" alt=\"\" width=\"527\" height=\"395\" srcset=\"https:\/\/parquetantauco.cl\/wp-content\/uploads\/2025\/06\/Gente-Phillipe-D-02-AB-2-300x225.jpg 300w, https:\/\/parquetantauco.cl\/wp-content\/uploads\/2025\/06\/Gente-Phillipe-D-02-AB-2-1024x768.jpg 1024w, https:\/\/parquetantauco.cl\/wp-content\/uploads\/2025\/06\/Gente-Phillipe-D-02-AB-2-768x576.jpg 768w, https:\/\/parquetantauco.cl\/wp-content\/uploads\/2025\/06\/Gente-Phillipe-D-02-AB-2-1536x1152.jpg 1536w, https:\/\/parquetantauco.cl\/wp-content\/uploads\/2025\/06\/Gente-Phillipe-D-02-AB-2-480x360.jpg 480w, https:\/\/parquetantauco.cl\/wp-content\/uploads\/2025\/06\/Gente-Phillipe-D-02-AB-2.jpg 1600w\" sizes=\"auto, (max-width: 527px) 100vw, 527px\" \/><\/a> <a href=\"https:\/\/parquetantauco.cl\/wp-content\/uploads\/2025\/06\/ED-AMB-Observacion-2016-AAchondo-1-scaled.jpg\"><img loading=\"lazy\" decoding=\"async\" class=\"wp-image-6314 alignnone\" src=\"https:\/\/parquetantauco.cl\/wp-content\/uploads\/2025\/06\/ED-AMB-Observacion-2016-AAchondo-1-300x200.jpg\" alt=\"\" width=\"592\" height=\"394\" srcset=\"https:\/\/parquetantauco.cl\/wp-content\/uploads\/2025\/06\/ED-AMB-Observacion-2016-AAchondo-1-300x200.jpg 300w, https:\/\/parquetantauco.cl\/wp-content\/uploads\/2025\/06\/ED-AMB-Observacion-2016-AAchondo-1-1024x683.jpg 1024w, https:\/\/parquetantauco.cl\/wp-content\/uploads\/2025\/06\/ED-AMB-Observacion-2016-AAchondo-1-768x513.jpg 768w, https:\/\/parquetantauco.cl\/wp-content\/uploads\/2025\/06\/ED-AMB-Observacion-2016-AAchondo-1-1536x1025.jpg 1536w, https:\/\/parquetantauco.cl\/wp-content\/uploads\/2025\/06\/ED-AMB-Observacion-2016-AAchondo-1-2048x1367.jpg 2048w, https:\/\/parquetantauco.cl\/wp-content\/uploads\/2025\/06\/ED-AMB-Observacion-2016-AAchondo-1-272x182.jpg 272w\" sizes=\"auto, (max-width: 592px) 100vw, 592px\" \/><\/a><\/p>\n<\/div>\n<\/div><\/div><\/div><\/div><\/div><div id=\"pg-6328-1\"  class=\"panel-grid panel-no-style\" ><div id=\"pgc-6328-1-0\"  class=\"panel-grid-cell\" ><div id=\"panel-6328-1-0-0\" class=\"so-panel widget widget_sow-button panel-first-child panel-last-child\" data-index=\"1\" ><div\n\t\t\t\n\t\t\tclass=\"so-widget-sow-button so-widget-sow-button-flat-66466acb9e12-6328\"\n\t\t\t\n\t\t><div class=\"ow-button-base ow-button-align-center\"\n>\n\t\t\t<a\n\t\t\t\t\thref=\"https:\/\/parquetantauco.cl\/restauracionecosistemas\/\"\n\t\t\t\t\tclass=\"sowb-button ow-icon-placement-left ow-button-hover\" \t>\n\t\t<span>\n\t\t\t\n\t\t\tRESTAURACI\u00d3N ECOSISTEMAS \t\t<\/span>\n\t\t\t<\/a>\n\t<\/div>\n<\/div><\/div><\/div><div id=\"pgc-6328-1-1\"  class=\"panel-grid-cell\" ><div id=\"panel-6328-1-1-0\" class=\"so-panel widget widget_sow-button panel-first-child panel-last-child\" data-index=\"2\" ><div\n\t\t\t\n\t\t\tclass=\"so-widget-sow-button so-widget-sow-button-flat-66466acb9e12-6328\"\n\t\t\t\n\t\t><div class=\"ow-button-base ow-button-align-center\"\n>\n\t\t\t<a\n\t\t\t\t\thref=\"https:\/\/parquetantauco.cl\/rescateranitasdarwin\/\"\n\t\t\t\t\tclass=\"sowb-button ow-icon-placement-left ow-button-hover\" \t>\n\t\t<span>\n\t\t\t\n\t\t\tRESCATE RANITAS DARWIN \t\t<\/span>\n\t\t\t<\/a>\n\t<\/div>\n<\/div><\/div><\/div><div id=\"pgc-6328-1-2\"  class=\"panel-grid-cell\" ><div id=\"panel-6328-1-2-0\" class=\"so-panel widget widget_sow-button panel-first-child panel-last-child\" data-index=\"3\" ><div\n\t\t\t\n\t\t\tclass=\"so-widget-sow-button so-widget-sow-button-flat-66466acb9e12-6328\"\n\t\t\t\n\t\t><div class=\"ow-button-base ow-button-align-center\"\n>\n\t\t\t<a\n\t\t\t\t\thref=\"https:\/\/parquetantauco.cl\/programamonitoreo\"\n\t\t\t\t\tclass=\"sowb-button ow-icon-placement-left ow-button-hover\" \t>\n\t\t<span>\n\t\t\t\n\t\t\tPROGRAMA MONITOREO \t\t<\/span>\n\t\t\t<\/a>\n\t<\/div>\n<\/div><\/div><\/div><\/div><\/div>","protected":false},"excerpt":{"rendered":"<p>Parque Tantauco es una iniciativa de conservaci\u00f3n, enfocada en la protecci\u00f3n de ecosistermas prioritarios para la conservaci\u00f3n de la biodiversidad del pa\u00eds.&nbsp; La conservaci\u00f3n activa se expresa en las actividades concretas que Tantauco realiza para proteger los ecosistemas presentes en su territorio. En el periodo 2008-2016 destac\u00f3 el Programa de Restauraci\u00f3n de Ecosistemas que ha [&hellip;]<\/p>\n","protected":false},"author":5,"featured_media":6676,"parent":0,"menu_order":0,"comment_status":"closed","ping_status":"closed","template":"","meta":{"_acf_changed":false,"inline_featured_image":false,"_uag_custom_page_level_css":"","ngg_post_thumbnail":0,"footnotes":""},"class_list":["post-6328","page","type-page","status-publish","has-post-thumbnail","hentry"],"acf":[],"aioseo_notices":[],"uagb_featured_image_src":{"full":["https:\/\/parquetantauco.cl\/wp-content\/uploads\/2025\/09\/Parque_tantuaco_Conservacion_Activa-.jpg",1900,500,false],"thumbnail":["https:\/\/parquetantauco.cl\/wp-content\/uploads\/2025\/09\/Parque_tantuaco_Conservacion_Activa--150x150.jpg",150,150,true],"medium":["https:\/\/parquetantauco.cl\/wp-content\/uploads\/2025\/09\/Parque_tantuaco_Conservacion_Activa--300x79.jpg",300,79,true],"medium_large":["https:\/\/parquetantauco.cl\/wp-content\/uploads\/2025\/09\/Parque_tantuaco_Conservacion_Activa--768x202.jpg",768,202,true],"large":["https:\/\/parquetantauco.cl\/wp-content\/uploads\/2025\/09\/Parque_tantuaco_Conservacion_Activa--1024x269.jpg",770,202,true],"1536x1536":["https:\/\/parquetantauco.cl\/wp-content\/uploads\/2025\/09\/Parque_tantuaco_Conservacion_Activa--1536x404.jpg",1536,404,true],"2048x2048":["https:\/\/parquetantauco.cl\/wp-content\/uploads\/2025\/09\/Parque_tantuaco_Conservacion_Activa-.jpg",1900,500,false],"multimedia":["https:\/\/parquetantauco.cl\/wp-content\/uploads\/2025\/09\/Parque_tantuaco_Conservacion_Activa--480x360.jpg",480,360,true],"multimedia-big":["https:\/\/parquetantauco.cl\/wp-content\/uploads\/2025\/09\/Parque_tantuaco_Conservacion_Activa--770x500.jpg",770,500,true],"sow-carousel-default":["https:\/\/parquetantauco.cl\/wp-content\/uploads\/2025\/09\/Parque_tantuaco_Conservacion_Activa--272x182.jpg",272,182,true]},"uagb_author_info":{"display_name":"Nicol\u00e1s Mes\u00edas","author_link":"https:\/\/parquetantauco.cl\/pt\/author\/nicolas-mesias\/"},"uagb_comment_info":0,"uagb_excerpt":"Parque Tantauco es una iniciativa de conservaci\u00f3n, enfocada en la protecci\u00f3n de ecosistermas prioritarios para la conservaci\u00f3n de la biodiversidad del pa\u00eds.&nbsp; La conservaci\u00f3n activa se expresa en las actividades concretas que Tantauco realiza para proteger los ecosistemas presentes en su territorio. En el periodo 2008-2016 destac\u00f3 el Programa de Restauraci\u00f3n de Ecosistemas que ha&hellip;","_links":{"self":[{"href":"https:\/\/parquetantauco.cl\/pt\/wp-json\/wp\/v2\/pages\/6328","targetHints":{"allow":["GET"]}}],"collection":[{"href":"https:\/\/parquetantauco.cl\/pt\/wp-json\/wp\/v2\/pages"}],"about":[{"href":"https:\/\/parquetantauco.cl\/pt\/wp-json\/wp\/v2\/types\/page"}],"author":[{"embeddable":true,"href":"https:\/\/parquetantauco.cl\/pt\/wp-json\/wp\/v2\/users\/5"}],"replies":[{"embeddable":true,"href":"https:\/\/parquetantauco.cl\/pt\/wp-json\/wp\/v2\/comments?post=6328"}],"version-history":[{"count":13,"href":"https:\/\/parquetantauco.cl\/pt\/wp-json\/wp\/v2\/pages\/6328\/revisions"}],"predecessor-version":[{"id":6439,"href":"https:\/\/parquetantauco.cl\/pt\/wp-json\/wp\/v2\/pages\/6328\/revisions\/6439"}],"wp:featuredmedia":[{"embeddable":true,"href":"https:\/\/parquetantauco.cl\/pt\/wp-json\/wp\/v2\/media\/6676"}],"wp:attachment":[{"href":"https:\/\/parquetantauco.cl\/pt\/wp-json\/wp\/v2\/media?parent=6328"}],"curies":[{"name":"wp","href":"https:\/\/api.w.org\/{rel}","templated":true}]}}