{"id":6371,"date":"2025-06-17T21:43:14","date_gmt":"2025-06-17T21:43:14","guid":{"rendered":"https:\/\/parquetantauco.cl\/?page_id=6371"},"modified":"2025-09-22T16:18:03","modified_gmt":"2025-09-22T16:18:03","slug":"programamonitoreo","status":"publish","type":"page","link":"https:\/\/parquetantauco.cl\/pt\/programamonitoreo\/","title":{"rendered":"Conserva\u00e7\u00e3o"},"content":{"rendered":"<div id=\"pl-6371\"  class=\"panel-layout\" ><div id=\"pg-6371-0\"  class=\"panel-grid panel-no-style\" ><div id=\"pgc-6371-0-0\"  class=\"panel-grid-cell\" ><div id=\"panel-6371-0-0-0\" class=\"so-panel widget widget_sow-editor panel-first-child\" data-index=\"0\" ><div class=\"panel-widget-style panel-widget-style-for-6371-0-0-0\" ><div\n\t\t\t\n\t\t\tclass=\"so-widget-sow-editor so-widget-sow-editor-base\"\n\t\t\t\n\t\t>\n<div class=\"siteorigin-widget-tinymce textwidget\">\n\t<p>El plan de manejo de la conservaci\u00f3n en Parque Tantauco define los objetos de conservaci\u00f3n del Parque: Zorro de Chilo\u00e9, Bosque Nordpatag\u00f3nico, Turberas, Cipr\u00e9s de las Guaitecas y como objeto cultural, los Chonos. El trabajo de conservaci\u00f3n se enfoca en estas especies y ecosistemas, definiendo las principales amenazas y factores que contribuyen a potenciar esas amenazas.<\/p>\n<p>El plan de monitoreo de flora y fauna es un trabajo importante que es realizado por nuestros Guardaparques que instalan y revisan c\u00e1maras trampa que permiten identificar la presencia de especies emblem\u00e1ticas; Zorro, Pudu, Huill\u00edn, Monito del Monte, Gui\u00f1a, asi como tambi\u00e9n invasoras, como el vis\u00f3n. Adicionalmente se llevan registros hist\u00f3ricos de pluviometr\u00eda y de nivel fre\u00e1tico de turberas a trav\u00e9s de piez\u00f3metros ubicados en el sector Norte del Parque.<\/p>\n<p>En colaboraci\u00f3n con ONGs, instituciones y universidades se potencia este trabajo. Se han realizado talleres de manejo, traslado y rescate de fauna, censos de aves, operativos veterinarios, asi como an\u00e1lisis de impactos de perros y gatos en la fauna local. Tantauco colabora activamente con el Centro de Rescate de fauna Chiloesilvestre, liderado por el m\u00e9dico veterinario Javier Cabello y su equipo, siendo parte adem\u00e1s de la mesa provincial de protecci\u00f3n de fauna.<\/p>\n<\/div>\n<\/div><\/div><\/div><div id=\"panel-6371-0-0-1\" class=\"so-panel widget widget_sow-button panel-last-child\" data-index=\"1\" ><div\n\t\t\t\n\t\t\tclass=\"so-widget-sow-button so-widget-sow-button-flat-66466acb9e12-6371\"\n\t\t\t\n\t\t><div class=\"ow-button-base ow-button-align-center\"\n>\n\t\t\t<a\n\t\t\t\t\thref=\"https:\/\/parquetantauco.cl\/wp-content\/uploads\/2025\/07\/2025-07-03-INFORME-MONITOREO-2024-2025-PDF.pdf\"\n\t\t\t\t\tclass=\"sowb-button ow-icon-placement-left ow-button-hover\" \t>\n\t\t<span>\n\t\t\t\n\t\t\tCONOCE NUESTRO PROGRAMA DE MONITOREO\t\t<\/span>\n\t\t\t<\/a>\n\t<\/div>\n<\/div><\/div><\/div><\/div><\/div>","protected":false},"excerpt":{"rendered":"<p>El plan de manejo de la conservaci\u00f3n en Parque Tantauco define los objetos de conservaci\u00f3n del Parque: Zorro de Chilo\u00e9, Bosque Nordpatag\u00f3nico, Turberas, Cipr\u00e9s de las Guaitecas y como objeto cultural, los Chonos. El trabajo de conservaci\u00f3n se enfoca en estas especies y ecosistemas, definiendo las principales amenazas y factores que contribuyen a potenciar esas [&hellip;]<\/p>\n","protected":false},"author":5,"featured_media":6679,"parent":0,"menu_order":0,"comment_status":"closed","ping_status":"closed","template":"","meta":{"_acf_changed":false,"inline_featured_image":false,"_uag_custom_page_level_css":"","ngg_post_thumbnail":0,"footnotes":""},"class_list":["post-6371","page","type-page","status-publish","has-post-thumbnail","hentry"],"acf":[],"aioseo_notices":[],"uagb_featured_image_src":{"full":["https:\/\/parquetantauco.cl\/wp-content\/uploads\/2025\/09\/Parque_tantuaco_Programa_Monitoreo-.jpg",1900,500,false],"thumbnail":["https:\/\/parquetantauco.cl\/wp-content\/uploads\/2025\/09\/Parque_tantuaco_Programa_Monitoreo--150x150.jpg",150,150,true],"medium":["https:\/\/parquetantauco.cl\/wp-content\/uploads\/2025\/09\/Parque_tantuaco_Programa_Monitoreo--300x79.jpg",300,79,true],"medium_large":["https:\/\/parquetantauco.cl\/wp-content\/uploads\/2025\/09\/Parque_tantuaco_Programa_Monitoreo--768x202.jpg",768,202,true],"large":["https:\/\/parquetantauco.cl\/wp-content\/uploads\/2025\/09\/Parque_tantuaco_Programa_Monitoreo--1024x269.jpg",770,202,true],"1536x1536":["https:\/\/parquetantauco.cl\/wp-content\/uploads\/2025\/09\/Parque_tantuaco_Programa_Monitoreo--1536x404.jpg",1536,404,true],"2048x2048":["https:\/\/parquetantauco.cl\/wp-content\/uploads\/2025\/09\/Parque_tantuaco_Programa_Monitoreo-.jpg",1900,500,false],"multimedia":["https:\/\/parquetantauco.cl\/wp-content\/uploads\/2025\/09\/Parque_tantuaco_Programa_Monitoreo--480x360.jpg",480,360,true],"multimedia-big":["https:\/\/parquetantauco.cl\/wp-content\/uploads\/2025\/09\/Parque_tantuaco_Programa_Monitoreo--770x500.jpg",770,500,true],"sow-carousel-default":["https:\/\/parquetantauco.cl\/wp-content\/uploads\/2025\/09\/Parque_tantuaco_Programa_Monitoreo--272x182.jpg",272,182,true]},"uagb_author_info":{"display_name":"Nicol\u00e1s Mes\u00edas","author_link":"https:\/\/parquetantauco.cl\/pt\/author\/nicolas-mesias\/"},"uagb_comment_info":0,"uagb_excerpt":"El plan de manejo de la conservaci\u00f3n en Parque Tantauco define los objetos de conservaci\u00f3n del Parque: Zorro de Chilo\u00e9, Bosque Nordpatag\u00f3nico, Turberas, Cipr\u00e9s de las Guaitecas y como objeto cultural, los Chonos. El trabajo de conservaci\u00f3n se enfoca en estas especies y ecosistemas, definiendo las principales amenazas y factores que contribuyen a potenciar esas&hellip;","_links":{"self":[{"href":"https:\/\/parquetantauco.cl\/pt\/wp-json\/wp\/v2\/pages\/6371","targetHints":{"allow":["GET"]}}],"collection":[{"href":"https:\/\/parquetantauco.cl\/pt\/wp-json\/wp\/v2\/pages"}],"about":[{"href":"https:\/\/parquetantauco.cl\/pt\/wp-json\/wp\/v2\/types\/page"}],"author":[{"embeddable":true,"href":"https:\/\/parquetantauco.cl\/pt\/wp-json\/wp\/v2\/users\/5"}],"replies":[{"embeddable":true,"href":"https:\/\/parquetantauco.cl\/pt\/wp-json\/wp\/v2\/comments?post=6371"}],"version-history":[{"count":3,"href":"https:\/\/parquetantauco.cl\/pt\/wp-json\/wp\/v2\/pages\/6371\/revisions"}],"predecessor-version":[{"id":6583,"href":"https:\/\/parquetantauco.cl\/pt\/wp-json\/wp\/v2\/pages\/6371\/revisions\/6583"}],"wp:featuredmedia":[{"embeddable":true,"href":"https:\/\/parquetantauco.cl\/pt\/wp-json\/wp\/v2\/media\/6679"}],"wp:attachment":[{"href":"https:\/\/parquetantauco.cl\/pt\/wp-json\/wp\/v2\/media?parent=6371"}],"curies":[{"name":"wp","href":"https:\/\/api.w.org\/{rel}","templated":true}]}}