{"id":6449,"date":"2025-06-19T15:26:06","date_gmt":"2025-06-19T15:26:06","guid":{"rendered":"https:\/\/parquetantauco.cl\/?page_id=6449"},"modified":"2025-07-09T21:50:32","modified_gmt":"2025-07-09T21:50:32","slug":"programapracticas","status":"publish","type":"page","link":"https:\/\/parquetantauco.cl\/pt\/programas-comunitarios\/programapracticas\/","title":{"rendered":"Como chegar?"},"content":{"rendered":"<div id=\"pl-6449\"  class=\"panel-layout\" ><div id=\"pg-6449-0\"  class=\"panel-grid panel-no-style\" ><div id=\"pgc-6449-0-0\"  class=\"panel-grid-cell\" ><div id=\"panel-6449-0-0-0\" class=\"so-panel widget widget_sow-editor panel-first-child panel-last-child\" data-index=\"0\" ><div\n\t\t\t\n\t\t\tclass=\"so-widget-sow-editor so-widget-sow-editor-base\"\n\t\t\t\n\t\t>\n<div class=\"siteorigin-widget-tinymce textwidget\">\n\t<p>Estas estudiando y te apasiona la naturaleza, la conservaci\u00f3n, la vida al aire libre?<\/p>\n<p>Eres motivado, proactivo y te gusta trabajar en equipo?<\/p>\n<p>Te interesa aportar en un proyecto de conservaci\u00f3n y participar en la atenci\u00f3n de visitantes?<\/p>\n<p>Entonces, Tantauco te espera para que realices tu pr\u00e1ctica con nosotros.<\/p>\n<p>Desde el a\u00f1o 2006, Parque Tantauco realiza un Programa de Pr\u00e1cticas de Verano, donde alumnos de diversas universidades del pa\u00eds abordan temas de inter\u00e9s y los desarrollan en el Parque. Hasta ahora se han abordado temas muy relevantes que sirven de insumo para futuros proyectos a implementar en el Parque (defensa fluvial, paisajismo, senderos interpretativos) que, adem\u00e1s de enriquecer la l\u00ednea base del proyecto (censo de aves, gu\u00eda flora y fauna, cr\u00f3nicas de In\u00edo, censos forestales), benefician directamente a la comunidad de In\u00edo (operativos veterinarios, uso de le\u00f1a, estudios e\u00f3licos) y tambi\u00e9n pr\u00e1cticas de manejo y administraci\u00f3n de la conservaci\u00f3n, donde los alumnos trabajan codo a codo con los Guardaparques.<\/p>\n<\/div>\n<\/div><\/div><\/div><\/div><div id=\"pg-6449-1\"  class=\"panel-grid panel-no-style\" ><div id=\"pgc-6449-1-0\"  class=\"panel-grid-cell panel-grid-cell-empty\" ><\/div><div id=\"pgc-6449-1-1\"  class=\"panel-grid-cell panel-grid-cell-mobile-last\" ><div id=\"panel-6449-1-1-0\" class=\"so-panel widget widget_sow-button panel-first-child panel-last-child\" data-index=\"1\" ><div class=\"btn-links-pages panel-widget-style panel-widget-style-for-6449-1-1-0\" ><div\n\t\t\t\n\t\t\tclass=\"so-widget-sow-button so-widget-sow-button-flat-db9247f52dcb-6449\"\n\t\t\t\n\t\t><div class=\"ow-button-base ow-button-align-left\"\n>\n\t\t\t<a\n\t\t\t\t\thref=\"https:\/\/parquetantauco.cl\/wp-content\/uploads\/2025\/07\/2025-06-15-TERMINOS-DE-REFERENCIA-PARA-PRACTICAS-PARQUE-TANTAUCO-PDF.pdf\"\n\t\t\t\t\tclass=\"sowb-button ow-icon-placement-left ow-button-hover\" \t>\n\t\t<span>\n\t\t\t\n\t\t\tPostula a una pr\u00e1ctica en Tantauco\t\t<\/span>\n\t\t\t<\/a>\n\t<\/div>\n<\/div><\/div><\/div><\/div><div id=\"pgc-6449-1-2\"  class=\"panel-grid-cell panel-grid-cell-empty\" ><\/div><\/div><\/div>","protected":false},"excerpt":{"rendered":"<p>Estas estudiando y te apasiona la naturaleza, la conservaci\u00f3n, la vida al aire libre? Eres motivado, proactivo y te gusta trabajar en equipo? Te interesa aportar en un proyecto de conservaci\u00f3n y participar en la atenci\u00f3n de visitantes? Entonces, Tantauco te espera para que realices tu pr\u00e1ctica con nosotros. Desde el a\u00f1o 2006, Parque Tantauco [&hellip;]<\/p>\n","protected":false},"author":5,"featured_media":6566,"parent":3687,"menu_order":0,"comment_status":"closed","ping_status":"closed","template":"","meta":{"_acf_changed":false,"inline_featured_image":false,"_uag_custom_page_level_css":"","ngg_post_thumbnail":0,"footnotes":""},"class_list":["post-6449","page","type-page","status-publish","has-post-thumbnail","hentry"],"acf":[],"aioseo_notices":[],"uagb_featured_image_src":{"full":["https:\/\/parquetantauco.cl\/wp-content\/uploads\/2025\/06\/Inio-Huerta-y-Vivero-2013-017-MJL-1-scaled.jpg",2560,1696,false],"thumbnail":["https:\/\/parquetantauco.cl\/wp-content\/uploads\/2025\/06\/Inio-Huerta-y-Vivero-2013-017-MJL-1-150x150.jpg",150,150,true],"medium":["https:\/\/parquetantauco.cl\/wp-content\/uploads\/2025\/06\/Inio-Huerta-y-Vivero-2013-017-MJL-1-300x199.jpg",300,199,true],"medium_large":["https:\/\/parquetantauco.cl\/wp-content\/uploads\/2025\/06\/Inio-Huerta-y-Vivero-2013-017-MJL-1-768x509.jpg",768,509,true],"large":["https:\/\/parquetantauco.cl\/wp-content\/uploads\/2025\/06\/Inio-Huerta-y-Vivero-2013-017-MJL-1-1024x678.jpg",770,510,true],"1536x1536":["https:\/\/parquetantauco.cl\/wp-content\/uploads\/2025\/06\/Inio-Huerta-y-Vivero-2013-017-MJL-1-1536x1017.jpg",1536,1017,true],"2048x2048":["https:\/\/parquetantauco.cl\/wp-content\/uploads\/2025\/06\/Inio-Huerta-y-Vivero-2013-017-MJL-1-2048x1356.jpg",2048,1356,true],"multimedia":["https:\/\/parquetantauco.cl\/wp-content\/uploads\/2025\/06\/Inio-Huerta-y-Vivero-2013-017-MJL-1-480x360.jpg",480,360,true],"multimedia-big":["https:\/\/parquetantauco.cl\/wp-content\/uploads\/2025\/06\/Inio-Huerta-y-Vivero-2013-017-MJL-1-770x770.jpg",770,770,true],"sow-carousel-default":["https:\/\/parquetantauco.cl\/wp-content\/uploads\/2025\/06\/Inio-Huerta-y-Vivero-2013-017-MJL-1-272x182.jpg",272,182,true]},"uagb_author_info":{"display_name":"Nicol\u00e1s Mes\u00edas","author_link":"https:\/\/parquetantauco.cl\/pt\/author\/nicolas-mesias\/"},"uagb_comment_info":0,"uagb_excerpt":"Estas estudiando y te apasiona la naturaleza, la conservaci\u00f3n, la vida al aire libre? Eres motivado, proactivo y te gusta trabajar en equipo? Te interesa aportar en un proyecto de conservaci\u00f3n y participar en la atenci\u00f3n de visitantes? Entonces, Tantauco te espera para que realices tu pr\u00e1ctica con nosotros. Desde el a\u00f1o 2006, Parque Tantauco&hellip;","_links":{"self":[{"href":"https:\/\/parquetantauco.cl\/pt\/wp-json\/wp\/v2\/pages\/6449","targetHints":{"allow":["GET"]}}],"collection":[{"href":"https:\/\/parquetantauco.cl\/pt\/wp-json\/wp\/v2\/pages"}],"about":[{"href":"https:\/\/parquetantauco.cl\/pt\/wp-json\/wp\/v2\/types\/page"}],"author":[{"embeddable":true,"href":"https:\/\/parquetantauco.cl\/pt\/wp-json\/wp\/v2\/users\/5"}],"replies":[{"embeddable":true,"href":"https:\/\/parquetantauco.cl\/pt\/wp-json\/wp\/v2\/comments?post=6449"}],"version-history":[{"count":7,"href":"https:\/\/parquetantauco.cl\/pt\/wp-json\/wp\/v2\/pages\/6449\/revisions"}],"predecessor-version":[{"id":6589,"href":"https:\/\/parquetantauco.cl\/pt\/wp-json\/wp\/v2\/pages\/6449\/revisions\/6589"}],"up":[{"embeddable":true,"href":"https:\/\/parquetantauco.cl\/pt\/wp-json\/wp\/v2\/pages\/3687"}],"wp:featuredmedia":[{"embeddable":true,"href":"https:\/\/parquetantauco.cl\/pt\/wp-json\/wp\/v2\/media\/6566"}],"wp:attachment":[{"href":"https:\/\/parquetantauco.cl\/pt\/wp-json\/wp\/v2\/media?parent=6449"}],"curies":[{"name":"wp","href":"https:\/\/api.w.org\/{rel}","templated":true}]}}