{"id":6474,"date":"2025-06-19T19:29:36","date_gmt":"2025-06-19T19:29:36","guid":{"rendered":"https:\/\/parquetantauco.cl\/?page_id=6474"},"modified":"2025-09-22T16:25:15","modified_gmt":"2025-09-22T16:25:15","slug":"convenios","status":"publish","type":"page","link":"https:\/\/parquetantauco.cl\/pt\/convenios\/","title":{"rendered":"Conserva\u00e7\u00e3o"},"content":{"rendered":"<div id=\"pl-6474\"  class=\"panel-layout\" ><div id=\"pg-6474-0\"  class=\"panel-grid panel-no-style\" ><div id=\"pgc-6474-0-0\"  class=\"panel-grid-cell\" ><div id=\"panel-6474-0-0-0\" class=\"so-panel widget widget_sow-editor panel-first-child panel-last-child\" data-index=\"0\" ><div class=\"panel-widget-style panel-widget-style-for-6474-0-0-0\" ><div\n\t\t\t\n\t\t\tclass=\"so-widget-sow-editor so-widget-sow-editor-base\"\n\t\t\t\n\t\t>\n<div class=\"siteorigin-widget-tinymce textwidget\">\n\t<p>Parque Tantauco tiene como estrategia articularse con diversas instituciones para ampliar su impacto en el territorio, potenciar la investigaci\u00f3n, trabajar en comunidad, lograr una conservaci\u00f3n efectiva de sus objetos de conservaci\u00f3n, disminuir las amenazas a las especies en peligro y lograr cambiar perspectivas a trav\u00e9s del programa de educaci\u00f3n ambiental.<\/p>\n<p>En ese sentido, estas alianzas son muy importantes y claves en el desarrollo del Parque.<\/p>\n<p><b>UC<\/b><b>-<\/b><b>CHILE<\/b><\/p>\n<p>Desde 2024 Tantauco se transforma en parte de la RED de Centros de Investigacion regionales de la UC, consolidando los 20 a\u00f1os de trabajo en terreno de Tantauco en Chilo\u00e9. Este convenio comienza trabajando temas de cartograf\u00eda y una primera visita de alumnos de arquitectura y dise\u00f1o para explorar infraestructura en zonas extremas.&nbsp; Se proyecta un trabajo a largo plazo en temas relacionados con biodiversidad, gen\u00e9tica de anfibios, comunidad y desarrollo sustentable, soluciones para habitar zonas extremas.<\/p>\n<p><b>USS<\/b><\/p>\n<p>Desde 2023 se trabaja en dos estudios de pregrado: Modelos de Gesti\u00f3n Tur\u00edstica, Desarrollo sustentable de comunidad Colonia Yungay; sumado a exploraciones del Yate Centinela de la USS que ha descrito el primer derrotero para embarcaciones deportivas a Caleta In\u00edo, sumado a un trabajo de cartograf\u00eda, batimentria, fondeaderos y nombres de puntos geogr\u00e1ficos.&nbsp; Adicionalmente, el programa de practicas de verano de Tantauco se nutre de muchos alumnos de la USS.<\/p>\n<p><b>CHILOESILVESTRE<\/b><\/p>\n<p>Esta ONG local es clave para la acci\u00f3n de Tantauco en el \u00e1rea de conservaci\u00f3n de Fauna. Con el Centro de rescate y conservaci\u00f3n de Fauna, Chiloesilvestre se ha trabajado en la reinserci\u00f3n de fauna en el Parque, en el monitoreo con collar satelital de zorro de darwin, como a su vez Tantauco ha aportado con materiales para el mejoramiento del centro de rescate, ubicado en la comuna de Ancud.<\/p>\n<p><b>MUNICIPALIDAD DE QUELLON<\/b><\/p>\n<p>Desde 2022 Tantauco tiene un convenio con el Municipio de Castro, que define que todas los habitantes de la comuna de Quell\u00f3n tienen entrada rebajada al parque, asi como el raabjo en conjunto para la difusi\u00f3n de los atractivos tur\u00edsticos y naturales de la comuna. En conjunto con el departamento de turismo y el de medio ambiente se han realizado diversas actividades como el CHILOE-ECOFEST, Exposiciones itinerantes por las plazas de armas de las 10 comunas de Chilo\u00e9, salidas al parque de grupos comunitarios organizados en torno a la Municipalidad, entre otras muchas actividades.<\/p>\n<p>&nbsp;<\/p>\n<\/div>\n<\/div><\/div><\/div><\/div><\/div><div id=\"pg-6474-1\"  class=\"panel-grid panel-no-style\" ><div id=\"pgc-6474-1-0\"  class=\"panel-grid-cell\" ><div id=\"panel-6474-1-0-0\" class=\"so-panel widget widget_media_image panel-first-child panel-last-child\" data-index=\"1\" ><img loading=\"lazy\" decoding=\"async\" width=\"250\" height=\"150\" src=\"https:\/\/parquetantauco.cl\/wp-content\/uploads\/2025\/02\/u_de_santiago-1.png\" class=\"image wp-image-5950  attachment-full size-full\" alt=\"\" style=\"max-width: 100%; height: auto;\" \/><\/div><\/div><div id=\"pgc-6474-1-1\"  class=\"panel-grid-cell\" ><div id=\"panel-6474-1-1-0\" class=\"so-panel widget widget_media_image panel-first-child panel-last-child\" data-index=\"2\" ><img loading=\"lazy\" decoding=\"async\" width=\"250\" height=\"150\" src=\"https:\/\/parquetantauco.cl\/wp-content\/uploads\/2025\/02\/Chiloe_silvestre-1.png\" class=\"image wp-image-5939  attachment-full size-full\" alt=\"\" style=\"max-width: 100%; height: auto;\" \/><\/div><\/div><div id=\"pgc-6474-1-2\"  class=\"panel-grid-cell\" ><div id=\"panel-6474-1-2-0\" class=\"so-panel widget widget_media_image panel-first-child panel-last-child\" data-index=\"3\" ><img loading=\"lazy\" decoding=\"async\" width=\"250\" height=\"150\" src=\"https:\/\/parquetantauco.cl\/wp-content\/uploads\/2025\/02\/municipio_quellon.png\" class=\"image wp-image-5941  attachment-full size-full\" alt=\"\" style=\"max-width: 100%; height: auto;\" \/><\/div><\/div><div id=\"pgc-6474-1-3\"  class=\"panel-grid-cell\" ><div id=\"panel-6474-1-3-0\" class=\"so-panel widget widget_media_image panel-first-child panel-last-child\" data-index=\"4\" ><img loading=\"lazy\" decoding=\"async\" width=\"250\" height=\"150\" src=\"https:\/\/parquetantauco.cl\/wp-content\/uploads\/2025\/02\/AIEP.png\" class=\"image wp-image-5900  attachment-full size-full\" alt=\"\" style=\"max-width: 100%; height: auto;\" \/><\/div><\/div><div id=\"pgc-6474-1-4\"  class=\"panel-grid-cell\" ><div id=\"panel-6474-1-4-0\" class=\"so-panel widget widget_media_image panel-first-child panel-last-child\" data-index=\"5\" ><img loading=\"lazy\" decoding=\"async\" width=\"250\" height=\"150\" src=\"https:\/\/parquetantauco.cl\/wp-content\/uploads\/2025\/02\/Hongos_chiloe.png\" class=\"image wp-image-5951  attachment-full size-full\" alt=\"\" style=\"max-width: 100%; height: auto;\" \/><\/div><\/div><div id=\"pgc-6474-1-5\"  class=\"panel-grid-cell\" ><div id=\"panel-6474-1-5-0\" class=\"so-panel widget widget_media_image panel-first-child panel-last-child\" data-index=\"6\" ><img loading=\"lazy\" decoding=\"async\" width=\"250\" height=\"150\" src=\"https:\/\/parquetantauco.cl\/wp-content\/uploads\/2025\/02\/sebastian.png\" class=\"image wp-image-5913  attachment-full size-full\" alt=\"\" style=\"max-width: 100%; height: auto;\" \/><\/div><\/div><\/div><\/div>","protected":false},"excerpt":{"rendered":"<p>Parque Tantauco tiene como estrategia articularse con diversas instituciones para ampliar su impacto en el territorio, potenciar la investigaci\u00f3n, trabajar en comunidad, lograr una conservaci\u00f3n efectiva de sus objetos de conservaci\u00f3n, disminuir las amenazas a las especies en peligro y lograr cambiar perspectivas a trav\u00e9s del programa de educaci\u00f3n ambiental. En ese sentido, estas alianzas [&hellip;]<\/p>\n","protected":false},"author":5,"featured_media":6684,"parent":0,"menu_order":0,"comment_status":"closed","ping_status":"closed","template":"","meta":{"_acf_changed":false,"inline_featured_image":false,"_uag_custom_page_level_css":"","ngg_post_thumbnail":0,"footnotes":""},"class_list":["post-6474","page","type-page","status-publish","has-post-thumbnail","hentry"],"acf":[],"aioseo_notices":[],"uagb_featured_image_src":{"full":["https:\/\/parquetantauco.cl\/wp-content\/uploads\/2025\/09\/Parque_tantuaco_Convenios.jpg",1900,500,false],"thumbnail":["https:\/\/parquetantauco.cl\/wp-content\/uploads\/2025\/09\/Parque_tantuaco_Convenios-150x150.jpg",150,150,true],"medium":["https:\/\/parquetantauco.cl\/wp-content\/uploads\/2025\/09\/Parque_tantuaco_Convenios-300x79.jpg",300,79,true],"medium_large":["https:\/\/parquetantauco.cl\/wp-content\/uploads\/2025\/09\/Parque_tantuaco_Convenios-768x202.jpg",768,202,true],"large":["https:\/\/parquetantauco.cl\/wp-content\/uploads\/2025\/09\/Parque_tantuaco_Convenios-1024x269.jpg",770,202,true],"1536x1536":["https:\/\/parquetantauco.cl\/wp-content\/uploads\/2025\/09\/Parque_tantuaco_Convenios-1536x404.jpg",1536,404,true],"2048x2048":["https:\/\/parquetantauco.cl\/wp-content\/uploads\/2025\/09\/Parque_tantuaco_Convenios.jpg",1900,500,false],"multimedia":["https:\/\/parquetantauco.cl\/wp-content\/uploads\/2025\/09\/Parque_tantuaco_Convenios-480x360.jpg",480,360,true],"multimedia-big":["https:\/\/parquetantauco.cl\/wp-content\/uploads\/2025\/09\/Parque_tantuaco_Convenios-770x500.jpg",770,500,true],"sow-carousel-default":["https:\/\/parquetantauco.cl\/wp-content\/uploads\/2025\/09\/Parque_tantuaco_Convenios-272x182.jpg",272,182,true]},"uagb_author_info":{"display_name":"Nicol\u00e1s Mes\u00edas","author_link":"https:\/\/parquetantauco.cl\/pt\/author\/nicolas-mesias\/"},"uagb_comment_info":0,"uagb_excerpt":"Parque Tantauco tiene como estrategia articularse con diversas instituciones para ampliar su impacto en el territorio, potenciar la investigaci\u00f3n, trabajar en comunidad, lograr una conservaci\u00f3n efectiva de sus objetos de conservaci\u00f3n, disminuir las amenazas a las especies en peligro y lograr cambiar perspectivas a trav\u00e9s del programa de educaci\u00f3n ambiental. En ese sentido, estas alianzas&hellip;","_links":{"self":[{"href":"https:\/\/parquetantauco.cl\/pt\/wp-json\/wp\/v2\/pages\/6474","targetHints":{"allow":["GET"]}}],"collection":[{"href":"https:\/\/parquetantauco.cl\/pt\/wp-json\/wp\/v2\/pages"}],"about":[{"href":"https:\/\/parquetantauco.cl\/pt\/wp-json\/wp\/v2\/types\/page"}],"author":[{"embeddable":true,"href":"https:\/\/parquetantauco.cl\/pt\/wp-json\/wp\/v2\/users\/5"}],"replies":[{"embeddable":true,"href":"https:\/\/parquetantauco.cl\/pt\/wp-json\/wp\/v2\/comments?post=6474"}],"version-history":[{"count":5,"href":"https:\/\/parquetantauco.cl\/pt\/wp-json\/wp\/v2\/pages\/6474\/revisions"}],"predecessor-version":[{"id":6510,"href":"https:\/\/parquetantauco.cl\/pt\/wp-json\/wp\/v2\/pages\/6474\/revisions\/6510"}],"wp:featuredmedia":[{"embeddable":true,"href":"https:\/\/parquetantauco.cl\/pt\/wp-json\/wp\/v2\/media\/6684"}],"wp:attachment":[{"href":"https:\/\/parquetantauco.cl\/pt\/wp-json\/wp\/v2\/media?parent=6474"}],"curies":[{"name":"wp","href":"https:\/\/api.w.org\/{rel}","templated":true}]}}