{"id":6834,"date":"2026-01-27T11:58:04","date_gmt":"2026-01-27T11:58:04","guid":{"rendered":"https:\/\/parquetantauco.cl\/?page_id=6834"},"modified":"2026-01-27T17:39:09","modified_gmt":"2026-01-27T17:39:09","slug":"conmemoracion-20-anos-parque-tantauco-y-bicentenario-de-chiloe","status":"publish","type":"page","link":"https:\/\/parquetantauco.cl\/pt\/conmemoracion-20-anos-parque-tantauco-y-bicentenario-de-chiloe\/","title":{"rendered":"(Espa\u00f1ol) Conmemoraci\u00f3n 20 a\u00f1os Parque Tantauco y Bicentenario de Chilo\u00e9"},"content":{"rendered":"<p class=\"qtranxs-available-languages-message qtranxs-available-languages-message-pt\">Desculpe, este conte\u00fado s\u00f3 est\u00e1 dispon\u00edvel em <a href=\"https:\/\/parquetantauco.cl\/es\/wp-json\/wp\/v2\/pages\/6834\" class=\"qtranxs-available-language-link qtranxs-available-language-link-es\" title=\"Espa\u00f1ol\">Espa\u00f1ol<\/a>.<\/p>","protected":false},"excerpt":{"rendered":"<p>Desculpe, este conte\u00fado s\u00f3 est\u00e1 dispon\u00edvel em Espa\u00f1ol.<\/p>\n","protected":false},"author":7,"featured_media":6836,"parent":0,"menu_order":0,"comment_status":"closed","ping_status":"closed","template":"","meta":{"_acf_changed":false,"inline_featured_image":false,"_uag_custom_page_level_css":"","ngg_post_thumbnail":0,"footnotes":""},"class_list":["post-6834","page","type-page","status-publish","has-post-thumbnail","hentry"],"acf":[],"aioseo_notices":[],"uagb_featured_image_src":{"full":["https:\/\/parquetantauco.cl\/wp-content\/uploads\/2026\/01\/WhatsApp-Image-2026-01-27-at-09.00.09-e1769515638626.jpeg",860,540,false],"thumbnail":["https:\/\/parquetantauco.cl\/wp-content\/uploads\/2026\/01\/WhatsApp-Image-2026-01-27-at-09.00.09-e1769515638626-150x150.jpeg",150,150,true],"medium":["https:\/\/parquetantauco.cl\/wp-content\/uploads\/2026\/01\/WhatsApp-Image-2026-01-27-at-09.00.09-e1769515638626-300x188.jpeg",300,188,true],"medium_large":["https:\/\/parquetantauco.cl\/wp-content\/uploads\/2026\/01\/WhatsApp-Image-2026-01-27-at-09.00.09-e1769515638626-768x482.jpeg",768,482,true],"large":["https:\/\/parquetantauco.cl\/wp-content\/uploads\/2026\/01\/WhatsApp-Image-2026-01-27-at-09.00.09-768x1024.jpeg",768,1024,true],"1536x1536":["https:\/\/parquetantauco.cl\/wp-content\/uploads\/2026\/01\/WhatsApp-Image-2026-01-27-at-09.00.09-e1769515638626.jpeg",860,540,false],"2048x2048":["https:\/\/parquetantauco.cl\/wp-content\/uploads\/2026\/01\/WhatsApp-Image-2026-01-27-at-09.00.09-e1769515638626.jpeg",860,540,false],"multimedia":["https:\/\/parquetantauco.cl\/wp-content\/uploads\/2026\/01\/WhatsApp-Image-2026-01-27-at-09.00.09-e1769515638626-480x360.jpeg",480,360,true],"multimedia-big":["https:\/\/parquetantauco.cl\/wp-content\/uploads\/2026\/01\/WhatsApp-Image-2026-01-27-at-09.00.09-e1769515638626-770x540.jpeg",770,540,true],"sow-carousel-default":["https:\/\/parquetantauco.cl\/wp-content\/uploads\/2026\/01\/WhatsApp-Image-2026-01-27-at-09.00.09-e1769515638626-272x182.jpeg",272,182,true]},"uagb_author_info":{"display_name":"Dami\u00e1n Vald\u00e9s","author_link":"https:\/\/parquetantauco.cl\/pt\/author\/damian-valdes\/"},"uagb_comment_info":0,"uagb_excerpt":"Desculpe, este conte\u00fado s\u00f3 est\u00e1 dispon\u00edvel em Espa\u00f1ol.","_links":{"self":[{"href":"https:\/\/parquetantauco.cl\/pt\/wp-json\/wp\/v2\/pages\/6834","targetHints":{"allow":["GET"]}}],"collection":[{"href":"https:\/\/parquetantauco.cl\/pt\/wp-json\/wp\/v2\/pages"}],"about":[{"href":"https:\/\/parquetantauco.cl\/pt\/wp-json\/wp\/v2\/types\/page"}],"author":[{"embeddable":true,"href":"https:\/\/parquetantauco.cl\/pt\/wp-json\/wp\/v2\/users\/7"}],"replies":[{"embeddable":true,"href":"https:\/\/parquetantauco.cl\/pt\/wp-json\/wp\/v2\/comments?post=6834"}],"version-history":[{"count":7,"href":"https:\/\/parquetantauco.cl\/pt\/wp-json\/wp\/v2\/pages\/6834\/revisions"}],"predecessor-version":[{"id":6856,"href":"https:\/\/parquetantauco.cl\/pt\/wp-json\/wp\/v2\/pages\/6834\/revisions\/6856"}],"wp:featuredmedia":[{"embeddable":true,"href":"https:\/\/parquetantauco.cl\/pt\/wp-json\/wp\/v2\/media\/6836"}],"wp:attachment":[{"href":"https:\/\/parquetantauco.cl\/pt\/wp-json\/wp\/v2\/media?parent=6834"}],"curies":[{"name":"wp","href":"https:\/\/api.w.org\/{rel}","templated":true}]}}