{"id":6923,"date":"2026-04-13T15:06:31","date_gmt":"2026-04-13T15:06:31","guid":{"rendered":"https:\/\/parquetantauco.cl\/?page_id=6923"},"modified":"2026-04-13T15:42:32","modified_gmt":"2026-04-13T15:42:32","slug":"biblioteca-ranita-de-darwin","status":"publish","type":"page","link":"https:\/\/parquetantauco.cl\/pt\/biblioteca-ranita-de-darwin\/","title":{"rendered":"Biblioteca Ranita de Darwin"},"content":{"rendered":"<div id=\"pl-6923\"  class=\"panel-layout\" ><div id=\"pg-6923-0\"  class=\"panel-grid panel-no-style\" ><div id=\"pgc-6923-0-0\"  class=\"panel-grid-cell\" ><div id=\"panel-6923-0-0-0\" class=\"so-panel widget widget_sow-editor panel-first-child panel-last-child\" data-index=\"0\" ><div class=\"panel-widget-style panel-widget-style-for-6923-0-0-0\" ><div\n\t\t\t\n\t\t\tclass=\"so-widget-sow-editor so-widget-sow-editor-base\"\n\t\t\t\n\t\t>\n<div class=\"siteorigin-widget-tinymce textwidget\">\n\t<p class=\"font-claude-response-body break-words whitespace-normal leading-[1.7]\">A continuaci\u00f3n encontrar\u00e1s toda la informaci\u00f3n asociada a los estudios sobre la ranita de Darwin (<em>Rhinoderma darwinii<\/em>) elaborados en el Parque Tantauco. Estos trabajos son el resultado de a\u00f1os de investigaci\u00f3n y trabajo en terreno, desarrollados en colaboraci\u00f3n con universidades, centros de estudio, ONGs, investigadores y estudiantes, aportando conocimiento relevante sobre esta especie y los ecosistemas en los que habita.<\/p>\n<p class=\"font-claude-response-body break-words whitespace-normal leading-[1.7]\">La ranita de Darwin es una de las especies m\u00e1s emblem\u00e1ticas y singulares de la fauna chilena, reconocida mundialmente por su extraordinario sistema de reproducci\u00f3n: los machos incuban los huevos en su saco vocal hasta que los renacuajos completan su metamorfosis. Clasificada como especie Vulnerable por la UICN, enfrenta amenazas derivadas de la p\u00e9rdida de h\u00e1bitat, especies invasoras y la quitridiomicosis, una enfermedad f\u00fangica que ha diezmado poblaciones de anfibios en todo el mundo. El Parque Tantauco, en el extremo sur de la isla de Chilo\u00e9, alberga una de las poblaciones m\u00e1s relevantes de esta especie, protegida dentro de un extenso mosaico de bosques nativos, turberas y humedales.<\/p>\n<p class=\"font-claude-response-body break-words whitespace-normal leading-[1.7]\">Los estudios aqu\u00ed reunidos abordan distintas dimensiones del conocimiento sobre la especie: desde relevamientos de presencia y abundancia, hasta an\u00e1lisis de uso de h\u00e1bitat, monitoreo sanitario y evaluaci\u00f3n de amenazas. Cada uno de ellos representa un aporte concreto al esfuerzo colectivo por conservar esta especie y la biodiversidad \u00fanica del bosque templado austral.<\/p>\n<\/div>\n<\/div><\/div><\/div><\/div><\/div><div id=\"pg-6923-1\"  class=\"panel-grid panel-no-style\" ><div id=\"pgc-6923-1-0\"  class=\"panel-grid-cell\" ><div id=\"panel-6923-1-0-0\" class=\"so-panel widget widget_sow-button panel-first-child panel-last-child\" data-index=\"1\" ><div class=\"btn-links-pages panel-widget-style panel-widget-style-for-6923-1-0-0\" ><div\n\t\t\t\n\t\t\tclass=\"so-widget-sow-button so-widget-sow-button-flat-db9247f52dcb-6923\"\n\t\t\t\n\t\t><div class=\"ow-button-base ow-button-align-left\"\n>\n\t\t\t<a\n\t\t\t\t\thref=\"https:\/\/parquetantauco.cl\/wp-content\/uploads\/2026\/04\/RANITA-DARWIN-2013-Soto-Azat-et-al-Is-chytridiomycosis-driving-Darwins-frogs-to-extinction.pdf\"\n\t\t\t\t\tclass=\"sowb-button ow-icon-placement-left ow-button-hover\" target=\"_blank\" rel=\"noopener noreferrer\" \t>\n\t\t<span>\n\t\t\t\n\t\t\tEstudio: \u00bfEst\u00e1 la quitridiomicosis llevando a las ranas de Darwin a la extinci\u00f3n?\t\t<\/span>\n\t\t\t<\/a>\n\t<\/div>\n<\/div><\/div><\/div><\/div><div id=\"pgc-6923-1-1\"  class=\"panel-grid-cell panel-grid-cell-empty panel-grid-cell-mobile-last\" ><\/div><div id=\"pgc-6923-1-2\"  class=\"panel-grid-cell panel-grid-cell-empty\" ><\/div><\/div><div id=\"pg-6923-2\"  class=\"panel-grid panel-no-style\" ><div id=\"pgc-6923-2-0\"  class=\"panel-grid-cell\" ><div id=\"panel-6923-2-0-0\" class=\"so-panel widget widget_sow-button panel-first-child panel-last-child\" data-index=\"2\" ><div\n\t\t\t\n\t\t\tclass=\"so-widget-sow-button so-widget-sow-button-flat-e86c2787087e-6923\"\n\t\t\t\n\t\t><div class=\"ow-button-base ow-button-align-center\"\n>\n\t\t\t<a\n\t\t\t\t\thref=\"https:\/\/parquetantauco.cl\/wp-content\/uploads\/2026\/04\/RANITA-DARWIN-2013-Soto-Azat-et-al.-2013.-PLoS-ONE-86-e66957.pdf\"\n\t\t\t\t\tclass=\"sowb-button ow-icon-placement-left ow-button-hover\" target=\"_blank\" rel=\"noopener noreferrer\" \t>\n\t\t<span>\n\t\t\t\n\t\t\tEstudio: \u201cEl declive poblacional y la extinci\u00f3n de las ranas de Darwin\"\t\t<\/span>\n\t\t\t<\/a>\n\t<\/div>\n<\/div><\/div><\/div><div id=\"pgc-6923-2-1\"  class=\"panel-grid-cell panel-grid-cell-empty panel-grid-cell-mobile-last\" ><\/div><div id=\"pgc-6923-2-2\"  class=\"panel-grid-cell panel-grid-cell-empty\" ><\/div><\/div><div id=\"pg-6923-3\"  class=\"panel-grid panel-no-style\" ><div id=\"pgc-6923-3-0\"  class=\"panel-grid-cell\" ><div id=\"panel-6923-3-0-0\" class=\"so-panel widget widget_sow-button panel-first-child panel-last-child\" data-index=\"3\" ><div\n\t\t\t\n\t\t\tclass=\"so-widget-sow-button so-widget-sow-button-flat-e86c2787087e-6923\"\n\t\t\t\n\t\t><div class=\"ow-button-base ow-button-align-center\"\n>\n\t\t\t<a\n\t\t\t\t\thref=\"https:\/\/parquetantauco.cl\/wp-content\/uploads\/2026\/04\/RANITA-DARWIN-2014-Valenzuela-Sanchez-et-al-2014.pdf\"\n\t\t\t\t\tclass=\"sowb-button ow-icon-placement-left ow-button-hover\" target=\"_blank\" rel=\"noopener noreferrer\" \t>\n\t\t<span>\n\t\t\t\n\t\t\tEstudio: \u201c\u00c1rea de hogar y an\u00e1lisis sociales en una rana incubadora bucal: evaluaci\u00f3n de la coexistencia entre el cuidado paternal y la territorialidad masculina\"\t\t<\/span>\n\t\t\t<\/a>\n\t<\/div>\n<\/div><\/div><\/div><div id=\"pgc-6923-3-1\"  class=\"panel-grid-cell panel-grid-cell-empty panel-grid-cell-mobile-last\" ><\/div><div id=\"pgc-6923-3-2\"  class=\"panel-grid-cell panel-grid-cell-empty\" ><\/div><\/div><div id=\"pg-6923-4\"  class=\"panel-grid panel-no-style\" ><div id=\"pgc-6923-4-0\"  class=\"panel-grid-cell\" ><div id=\"panel-6923-4-0-0\" class=\"so-panel widget widget_sow-button panel-first-child panel-last-child\" data-index=\"4\" ><div\n\t\t\t\n\t\t\tclass=\"so-widget-sow-button so-widget-sow-button-flat-e86c2787087e-6923\"\n\t\t\t\n\t\t><div class=\"ow-button-base ow-button-align-center\"\n>\n\t\t\t<a\n\t\t\t\t\thref=\"https:\/\/parquetantauco.cl\/wp-content\/uploads\/2026\/04\/RANITA-DARWIN-2015-Valenzuela-Sanchez-et-al.pdf\"\n\t\t\t\t\tclass=\"sowb-button ow-icon-placement-left ow-button-hover\" target=\"_blank\" rel=\"noopener noreferrer\" \t>\n\t\t<span>\n\t\t\t\n\t\t\tEstudio: \u201cFrontiers in Zoology\" (Fronteras en Zoolog\u00eda)\t\t<\/span>\n\t\t\t<\/a>\n\t<\/div>\n<\/div><\/div><\/div><div id=\"pgc-6923-4-1\"  class=\"panel-grid-cell panel-grid-cell-empty panel-grid-cell-mobile-last\" ><\/div><div id=\"pgc-6923-4-2\"  class=\"panel-grid-cell panel-grid-cell-empty\" ><\/div><\/div><div id=\"pg-6923-5\"  class=\"panel-grid panel-no-style\" ><div id=\"pgc-6923-5-0\"  class=\"panel-grid-cell\" ><div id=\"panel-6923-5-0-0\" class=\"so-panel widget widget_sow-button panel-first-child panel-last-child\" data-index=\"5\" ><div\n\t\t\t\n\t\t\tclass=\"so-widget-sow-button so-widget-sow-button-flat-e86c2787087e-6923\"\n\t\t\t\n\t\t><div class=\"ow-button-base ow-button-align-center\"\n>\n\t\t\t<a\n\t\t\t\t\thref=\"https:\/\/parquetantauco.cl\/wp-content\/uploads\/2026\/04\/RANITA-DARWIN-2017-Valenzuela-Sanchez-et-al.pdf\"\n\t\t\t\t\tclass=\"sowb-button ow-icon-placement-left ow-button-hover\" target=\"_blank\" rel=\"noopener noreferrer\" \t>\n\t\t<span>\n\t\t\t\n\t\t\tEstudio: \u201cLa mortalidad inducida por enfermedades cr\u00edpticas puede provocar la extinci\u00f3n del hospedador en un sistema hospedador\u2013par\u00e1sito aparentemente estable\"\t\t<\/span>\n\t\t\t<\/a>\n\t<\/div>\n<\/div><\/div><\/div><div id=\"pgc-6923-5-1\"  class=\"panel-grid-cell panel-grid-cell-empty panel-grid-cell-mobile-last\" ><\/div><div id=\"pgc-6923-5-2\"  class=\"panel-grid-cell panel-grid-cell-empty\" ><\/div><\/div><div id=\"pg-6923-6\"  class=\"panel-grid panel-no-style\" ><div id=\"pgc-6923-6-0\"  class=\"panel-grid-cell\" ><div id=\"panel-6923-6-0-0\" class=\"so-panel widget widget_sow-button panel-first-child panel-last-child\" data-index=\"6\" ><div\n\t\t\t\n\t\t\tclass=\"so-widget-sow-button so-widget-sow-button-flat-e86c2787087e-6923\"\n\t\t\t\n\t\t><div class=\"ow-button-base ow-button-align-center\"\n>\n\t\t\t<a\n\t\t\t\t\thref=\"https:\/\/parquetantauco.cl\/wp-content\/uploads\/2026\/04\/RANITA-DARWIN-2020-Serrano-et-al.pdf\"\n\t\t\t\t\tclass=\"sowb-button ow-icon-placement-left ow-button-hover\" target=\"_blank\" rel=\"noopener noreferrer\" \t>\n\t\t<span>\n\t\t\t\n\t\t\tEstudio: \u201cEstructura de llamada monom\u00f3rfica y fenolog\u00eda vocal dim\u00f3rfica en una rana con inversi\u00f3n de roles sexuales\"\t\t<\/span>\n\t\t\t<\/a>\n\t<\/div>\n<\/div><\/div><\/div><div id=\"pgc-6923-6-1\"  class=\"panel-grid-cell panel-grid-cell-empty panel-grid-cell-mobile-last\" ><\/div><div id=\"pgc-6923-6-2\"  class=\"panel-grid-cell panel-grid-cell-empty\" ><\/div><\/div><div id=\"pg-6923-7\"  class=\"panel-grid panel-no-style\" ><div id=\"pgc-6923-7-0\"  class=\"panel-grid-cell\" ><div id=\"panel-6923-7-0-0\" class=\"so-panel widget widget_sow-button panel-first-child panel-last-child\" data-index=\"7\" ><div\n\t\t\t\n\t\t\tclass=\"so-widget-sow-button so-widget-sow-button-flat-e86c2787087e-6923\"\n\t\t\t\n\t\t><div class=\"ow-button-base ow-button-align-center\"\n>\n\t\t\t<a\n\t\t\t\t\thref=\"https:\/\/parquetantauco.cl\/wp-content\/uploads\/2026\/04\/RANITA-DARWIN-2022-Reinke-et-al.pdf\"\n\t\t\t\t\tclass=\"sowb-button ow-icon-placement-left ow-button-hover\" target=\"_blank\" rel=\"noopener noreferrer\" \t>\n\t\t<span>\n\t\t\t\n\t\t\tEstudio: \u201cTasas de envejecimiento diversas en tetr\u00e1podos ectotermos aportan perspectivas para la evoluci\u00f3n del envejecimiento y la longevidad\"\t\t<\/span>\n\t\t\t<\/a>\n\t<\/div>\n<\/div><\/div><\/div><div id=\"pgc-6923-7-1\"  class=\"panel-grid-cell panel-grid-cell-empty panel-grid-cell-mobile-last\" ><\/div><div id=\"pgc-6923-7-2\"  class=\"panel-grid-cell panel-grid-cell-empty\" ><\/div><\/div><div id=\"pg-6923-8\"  class=\"panel-grid panel-no-style\" ><div id=\"pgc-6923-8-0\"  class=\"panel-grid-cell\" ><div id=\"panel-6923-8-0-0\" class=\"so-panel widget widget_sow-button panel-first-child panel-last-child\" data-index=\"8\" ><div\n\t\t\t\n\t\t\tclass=\"so-widget-sow-button so-widget-sow-button-flat-e86c2787087e-6923\"\n\t\t\t\n\t\t><div class=\"ow-button-base ow-button-align-center\"\n>\n\t\t\t<a\n\t\t\t\t\thref=\"https:\/\/parquetantauco.cl\/wp-content\/uploads\/2026\/04\/RANITA-DARWIN-2022-Reinke-et-al.pdf\"\n\t\t\t\t\tclass=\"sowb-button ow-icon-placement-left ow-button-hover\" target=\"_blank\" rel=\"noopener noreferrer\" \t>\n\t\t<span>\n\t\t\t\n\t\t\tEstudio: \u201cLas diferencias interpoblacionales en el esfuerzo reproductivo masculino impulsan la din\u00e1mica poblacional de un hospedador expuesto a un pat\u00f3geno f\u00fangico emergente\"\t\t<\/span>\n\t\t\t<\/a>\n\t<\/div>\n<\/div><\/div><\/div><div id=\"pgc-6923-8-1\"  class=\"panel-grid-cell panel-grid-cell-empty panel-grid-cell-mobile-last\" ><\/div><div id=\"pgc-6923-8-2\"  class=\"panel-grid-cell panel-grid-cell-empty\" ><\/div><\/div><div id=\"pg-6923-9\"  class=\"panel-grid panel-no-style\" ><div id=\"pgc-6923-9-0\"  class=\"panel-grid-cell\" ><div id=\"panel-6923-9-0-0\" class=\"so-panel widget widget_sow-button panel-first-child panel-last-child\" data-index=\"9\" ><div\n\t\t\t\n\t\t\tclass=\"so-widget-sow-button so-widget-sow-button-flat-e86c2787087e-6923\"\n\t\t\t\n\t\t><div class=\"ow-button-base ow-button-align-center\"\n>\n\t\t\t<a\n\t\t\t\t\thref=\"https:\/\/parquetantauco.cl\/wp-content\/uploads\/2026\/04\/RANITA-DARWIN-2023-Valenzuela-Sanchez-et-al-2023.pdf\"\n\t\t\t\t\tclass=\"sowb-button ow-icon-placement-left ow-button-hover\" target=\"_blank\" rel=\"noopener noreferrer\" \t>\n\t\t<span>\n\t\t\t\n\t\t\tEstudio: \u201cTasa variable de envejecimiento dentro de la especie: aportes desde las ranas de Darwin\"\t\t<\/span>\n\t\t\t<\/a>\n\t<\/div>\n<\/div><\/div><\/div><div id=\"pgc-6923-9-1\"  class=\"panel-grid-cell panel-grid-cell-empty panel-grid-cell-mobile-last\" ><\/div><div id=\"pgc-6923-9-2\"  class=\"panel-grid-cell panel-grid-cell-empty\" ><\/div><\/div><\/div>","protected":false},"excerpt":{"rendered":"<p>A continuaci\u00f3n encontrar\u00e1s toda la informaci\u00f3n asociada a los estudios sobre la ranita de Darwin (Rhinoderma darwinii) elaborados en el Parque Tantauco. Estos trabajos son el resultado de a\u00f1os de investigaci\u00f3n y trabajo en terreno, desarrollados en colaboraci\u00f3n con universidades, centros de estudio, ONGs, investigadores y estudiantes, aportando conocimiento relevante sobre esta especie y los [&hellip;]<\/p>\n","protected":false},"author":5,"featured_media":6925,"parent":0,"menu_order":0,"comment_status":"closed","ping_status":"closed","template":"","meta":{"_acf_changed":false,"inline_featured_image":false,"_uag_custom_page_level_css":"","ngg_post_thumbnail":0,"footnotes":""},"class_list":["post-6923","page","type-page","status-publish","has-post-thumbnail","hentry"],"acf":[],"aioseo_notices":[],"uagb_featured_image_src":{"full":["https:\/\/parquetantauco.cl\/wp-content\/uploads\/2026\/04\/Diseno-sin-titulo-8.jpg",1900,500,false],"thumbnail":["https:\/\/parquetantauco.cl\/wp-content\/uploads\/2026\/04\/Diseno-sin-titulo-8-150x150.jpg",150,150,true],"medium":["https:\/\/parquetantauco.cl\/wp-content\/uploads\/2026\/04\/Diseno-sin-titulo-8-300x79.jpg",300,79,true],"medium_large":["https:\/\/parquetantauco.cl\/wp-content\/uploads\/2026\/04\/Diseno-sin-titulo-8-768x202.jpg",768,202,true],"large":["https:\/\/parquetantauco.cl\/wp-content\/uploads\/2026\/04\/Diseno-sin-titulo-8-1024x269.jpg",770,202,true],"1536x1536":["https:\/\/parquetantauco.cl\/wp-content\/uploads\/2026\/04\/Diseno-sin-titulo-8-1536x404.jpg",1536,404,true],"2048x2048":["https:\/\/parquetantauco.cl\/wp-content\/uploads\/2026\/04\/Diseno-sin-titulo-8.jpg",1900,500,false],"multimedia":["https:\/\/parquetantauco.cl\/wp-content\/uploads\/2026\/04\/Diseno-sin-titulo-8-480x360.jpg",480,360,true],"multimedia-big":["https:\/\/parquetantauco.cl\/wp-content\/uploads\/2026\/04\/Diseno-sin-titulo-8-770x500.jpg",770,500,true],"sow-carousel-default":["https:\/\/parquetantauco.cl\/wp-content\/uploads\/2026\/04\/Diseno-sin-titulo-8-272x182.jpg",272,182,true]},"uagb_author_info":{"display_name":"Nicol\u00e1s Mes\u00edas","author_link":"https:\/\/parquetantauco.cl\/pt\/author\/nicolas-mesias\/"},"uagb_comment_info":0,"uagb_excerpt":"A continuaci\u00f3n encontrar\u00e1s toda la informaci\u00f3n asociada a los estudios sobre la ranita de Darwin (Rhinoderma darwinii) elaborados en el Parque Tantauco. Estos trabajos son el resultado de a\u00f1os de investigaci\u00f3n y trabajo en terreno, desarrollados en colaboraci\u00f3n con universidades, centros de estudio, ONGs, investigadores y estudiantes, aportando conocimiento relevante sobre esta especie y los&hellip;","_links":{"self":[{"href":"https:\/\/parquetantauco.cl\/pt\/wp-json\/wp\/v2\/pages\/6923","targetHints":{"allow":["GET"]}}],"collection":[{"href":"https:\/\/parquetantauco.cl\/pt\/wp-json\/wp\/v2\/pages"}],"about":[{"href":"https:\/\/parquetantauco.cl\/pt\/wp-json\/wp\/v2\/types\/page"}],"author":[{"embeddable":true,"href":"https:\/\/parquetantauco.cl\/pt\/wp-json\/wp\/v2\/users\/5"}],"replies":[{"embeddable":true,"href":"https:\/\/parquetantauco.cl\/pt\/wp-json\/wp\/v2\/comments?post=6923"}],"version-history":[{"count":9,"href":"https:\/\/parquetantauco.cl\/pt\/wp-json\/wp\/v2\/pages\/6923\/revisions"}],"predecessor-version":[{"id":6943,"href":"https:\/\/parquetantauco.cl\/pt\/wp-json\/wp\/v2\/pages\/6923\/revisions\/6943"}],"wp:featuredmedia":[{"embeddable":true,"href":"https:\/\/parquetantauco.cl\/pt\/wp-json\/wp\/v2\/media\/6925"}],"wp:attachment":[{"href":"https:\/\/parquetantauco.cl\/pt\/wp-json\/wp\/v2\/media?parent=6923"}],"curies":[{"name":"wp","href":"https:\/\/api.w.org\/{rel}","templated":true}]}}